{"id":892,"date":"2024-01-24T11:20:12","date_gmt":"2024-01-24T10:20:12","guid":{"rendered":"https:\/\/chatoconfort.com\/?page_id=892"},"modified":"2024-10-16T18:21:33","modified_gmt":"2024-10-16T16:21:33","slug":"le-saviez-vous","status":"publish","type":"page","link":"https:\/\/chatoconfort.com\/index.php\/le-saviez-vous\/","title":{"rendered":"Blog"},"content":{"rendered":"<div class=\"flex_column av_one_full  flex_column_div av-zero-column-padding first  avia-builder-el-0  el_before_av_blog  avia-builder-el-first  \" style='border-radius:0px; '><section class=\"av_textblock_section \"  itemscope=\"itemscope\" itemtype=\"https:\/\/schema.org\/CreativeWork\" ><div class='avia_textblock  '   itemprop=\"text\" ><h1 style=\"text-align: center;\"><em><strong>Conseils et informations<\/strong><\/em><\/h1>\n<\/div><\/section><br \/>\n<div   class='hr hr-default   avia-builder-el-2  el_after_av_textblock  avia-builder-el-last '><span class='hr-inner ' ><span class='hr-inner-style'><\/span><\/span><\/div><\/p><\/div>\n<div   data-autoplay=''  data-interval='5'  data-animation='fade'  data-show_slide_delay='90'  class='avia-content-slider avia-content-grid-active avia-content-slider1 avia-content-slider-odd  avia-builder-el-3  el_after_av_one_full  el_before_av_hr  '  itemscope=\"itemscope\" itemtype=\"https:\/\/schema.org\/Blog\" ><div class='avia-content-slider-inner'><div class='slide-entry-wrap'><article class='slide-entry flex_column  post-entry post-entry-2277 slide-entry-overview slide-loop-1 slide-parity-odd  av_one_third first real-thumbnail post-format-standard'  itemscope=\"itemscope\" itemtype=\"https:\/\/schema.org\/CreativeWork\" ><a href='https:\/\/chatoconfort.com\/index.php\/2024\/07\/31\/le-mal-de-dos-le-mal-du-siecle\/' data-rel='slide-1' class='slide-image' title='Le mal de dos, le mal du si\u00e8cle&#8230;..'><img decoding=\"async\" width=\"495\" height=\"400\" src=\"https:\/\/chatoconfort.com\/wp-content\/uploads\/2024\/07\/mal-de-dos-literie-chateaurenard-495x400.webp\" class=\"wp-image-2279 avia-img-lazy-loading-not-2279 attachment-portfolio size-portfolio wp-post-image\" alt=\"\" \/><\/a><div class='slide-content'><header class=\"entry-content-header\"><h3 class='slide-entry-title entry-title '  itemprop=\"headline\" ><a href='https:\/\/chatoconfort.com\/index.php\/2024\/07\/31\/le-mal-de-dos-le-mal-du-siecle\/' title='Le mal de dos, le mal du si\u00e8cle&#8230;..'>Le mal de dos, le mal du si\u00e8cle&#8230;..<\/a><\/h3><span class=\"av-vertical-delimiter\"><\/span><\/header><div class='slide-meta'><div class='slide-meta-comments'><a href='https:\/\/chatoconfort.com\/index.php\/2024\/07\/31\/le-mal-de-dos-le-mal-du-siecle\/#respond'>0 Commentaires<\/a><\/div><div class='slide-meta-del'>\/<\/div><time class='slide-meta-time updated'  itemprop=\"datePublished\" datetime=\"2024-07-31T17:21:39+02:00\" >31 juillet 2024<\/time><\/div><div class='slide-entry-excerpt entry-content'  itemprop=\"text\" >J'ai tellement mal au dos que \u00e7a me r\u00e9veille la nuit, que faire ??? <\/div><\/div><footer class=\"entry-footer\"><\/footer><span class='hidden'>\n\t\t\t\t<span class='av-structured-data'  itemprop=\"image\" itemscope=\"itemscope\" itemtype=\"https:\/\/schema.org\/ImageObject\" >\n\t\t\t\t\t\t<span itemprop='url'>https:\/\/chatoconfort.com\/wp-content\/uploads\/2024\/07\/mal-de-dos-literie-chateaurenard.webp<\/span>\n\t\t\t\t\t\t<span itemprop='height'>566<\/span>\n\t\t\t\t\t\t<span itemprop='width'>566<\/span>\n\t\t\t\t<\/span>\n\t\t\t\t<span class='av-structured-data'  itemprop=\"publisher\" itemtype=\"https:\/\/schema.org\/Organization\" itemscope=\"itemscope\" >\n\t\t\t\t\t\t<span itemprop='name'>Chato Confort<\/span>\n\t\t\t\t\t\t<span itemprop='logo' itemscope itemtype='https:\/\/schema.org\/ImageObject'>\n\t\t\t\t\t\t\t<span itemprop='url'>http:\/\/chatoconfort.com\/wp-content\/uploads\/2024\/06\/logo-chato-confort-chateaurenard-300x300.jpg<\/span>\n\t\t\t\t\t\t <\/span>\n\t\t\t\t<\/span><span class='av-structured-data'  itemprop=\"author\" itemscope=\"itemscope\" itemtype=\"https:\/\/schema.org\/Person\" ><span itemprop='name'>Chato Confort<\/span><\/span><span class='av-structured-data'  itemprop=\"datePublished\" datetime=\"2024-01-24T11:20:12+01:00\" >2024-07-31 17:21:39<\/span><span class='av-structured-data'  itemprop=\"dateModified\" itemtype=\"https:\/\/schema.org\/dateModified\" >2024-08-02 15:09:01<\/span><span class='av-structured-data'  itemprop=\"mainEntityOfPage\" itemtype=\"https:\/\/schema.org\/mainEntityOfPage\" ><span itemprop='name'>Le mal de dos, le mal du si\u00e8cle&#8230;..<\/span><\/span><\/span><\/article><article class='slide-entry flex_column  post-entry post-entry-2206 slide-entry-overview slide-loop-2 slide-parity-even  av_one_third  real-thumbnail post-format-standard'  itemscope=\"itemscope\" itemtype=\"https:\/\/schema.org\/CreativeWork\" ><a href='https:\/\/chatoconfort.com\/index.php\/2024\/07\/20\/que-veut-dire-7-zones-de-confort-quand-on-parle-de-matelas\/' data-rel='slide-1' class='slide-image' title='Que veut dire 7 zones de confort quand on parle de matelas ?'><img decoding=\"async\" width=\"495\" height=\"400\" src=\"https:\/\/chatoconfort.com\/wp-content\/uploads\/2024\/07\/matelas-sept-zones-confort-literie-chateaurenard-4-495x400.jpg\" class=\"wp-image-2648 avia-img-lazy-loading-not-2648 attachment-portfolio size-portfolio wp-post-image\" alt=\"\" \/><\/a><div class='slide-content'><header class=\"entry-content-header\"><h3 class='slide-entry-title entry-title '  itemprop=\"headline\" ><a href='https:\/\/chatoconfort.com\/index.php\/2024\/07\/20\/que-veut-dire-7-zones-de-confort-quand-on-parle-de-matelas\/' title='Que veut dire 7 zones de confort quand on parle de matelas ?'>Que veut dire 7 zones de confort quand on parle de matelas ?<\/a><\/h3><span class=\"av-vertical-delimiter\"><\/span><\/header><div class='slide-meta'><div class='slide-meta-comments'><a href='https:\/\/chatoconfort.com\/index.php\/2024\/07\/20\/que-veut-dire-7-zones-de-confort-quand-on-parle-de-matelas\/#respond'>0 Commentaires<\/a><\/div><div class='slide-meta-del'>\/<\/div><time class='slide-meta-time updated'  itemprop=\"datePublished\" datetime=\"2024-07-20T16:58:14+02:00\" >20 juillet 2024<\/time><\/div><div class='slide-entry-excerpt entry-content'  itemprop=\"text\" >Quelle est la diff\u00e9rence entre un matelas \u00e0 7 zones et \u00e0 5 zones de confort ???<\/div><\/div><footer class=\"entry-footer\"><\/footer><span class='hidden'>\n\t\t\t\t<span class='av-structured-data'  itemprop=\"image\" itemscope=\"itemscope\" itemtype=\"https:\/\/schema.org\/ImageObject\" >\n\t\t\t\t\t\t<span itemprop='url'>https:\/\/chatoconfort.com\/wp-content\/uploads\/2024\/07\/matelas-sept-zones-confort-literie-chateaurenard-4.jpg<\/span>\n\t\t\t\t\t\t<span itemprop='height'>422<\/span>\n\t\t\t\t\t\t<span itemprop='width'>497<\/span>\n\t\t\t\t<\/span>\n\t\t\t\t<span class='av-structured-data'  itemprop=\"publisher\" itemtype=\"https:\/\/schema.org\/Organization\" itemscope=\"itemscope\" >\n\t\t\t\t\t\t<span itemprop='name'>Chato Confort<\/span>\n\t\t\t\t\t\t<span itemprop='logo' itemscope itemtype='https:\/\/schema.org\/ImageObject'>\n\t\t\t\t\t\t\t<span itemprop='url'>http:\/\/chatoconfort.com\/wp-content\/uploads\/2024\/06\/logo-chato-confort-chateaurenard-300x300.jpg<\/span>\n\t\t\t\t\t\t <\/span>\n\t\t\t\t<\/span><span class='av-structured-data'  itemprop=\"author\" itemscope=\"itemscope\" itemtype=\"https:\/\/schema.org\/Person\" ><span itemprop='name'>Chato Confort<\/span><\/span><span class='av-structured-data'  itemprop=\"datePublished\" datetime=\"2024-01-24T11:20:12+01:00\" >2024-07-20 16:58:14<\/span><span class='av-structured-data'  itemprop=\"dateModified\" itemtype=\"https:\/\/schema.org\/dateModified\" >2024-10-16 18:32:53<\/span><span class='av-structured-data'  itemprop=\"mainEntityOfPage\" itemtype=\"https:\/\/schema.org\/mainEntityOfPage\" ><span itemprop='name'>Que veut dire 7 zones de confort quand on parle de matelas ?<\/span><\/span><\/span><\/article><article class='slide-entry flex_column  post-entry post-entry-2142 slide-entry-overview slide-loop-3 slide-parity-odd  post-entry-last  av_one_third  real-thumbnail post-format-standard'  itemscope=\"itemscope\" itemtype=\"https:\/\/schema.org\/CreativeWork\" ><a href='https:\/\/chatoconfort.com\/index.php\/2024\/07\/19\/comment-bien-se-reveiller-le-matin\/' data-rel='slide-1' class='slide-image' title='Comment bien se r\u00e9veiller le matin ?'><img decoding=\"async\" width=\"495\" height=\"400\" src=\"https:\/\/chatoconfort.com\/wp-content\/uploads\/2024\/07\/matelas-reveil-chateaurenard-495x400.jpg\" class=\"wp-image-2143 avia-img-lazy-loading-not-2143 attachment-portfolio size-portfolio wp-post-image\" alt=\"\" \/><\/a><div class='slide-content'><header class=\"entry-content-header\"><h3 class='slide-entry-title entry-title '  itemprop=\"headline\" ><a href='https:\/\/chatoconfort.com\/index.php\/2024\/07\/19\/comment-bien-se-reveiller-le-matin\/' title='Comment bien se r\u00e9veiller le matin ?'>Comment bien se r\u00e9veiller le matin ?<\/a><\/h3><span class=\"av-vertical-delimiter\"><\/span><\/header><div class='slide-meta'><div class='slide-meta-comments'><a href='https:\/\/chatoconfort.com\/index.php\/2024\/07\/19\/comment-bien-se-reveiller-le-matin\/#respond'>0 Commentaires<\/a><\/div><div class='slide-meta-del'>\/<\/div><time class='slide-meta-time updated'  itemprop=\"datePublished\" datetime=\"2024-07-19T18:24:36+02:00\" >19 juillet 2024<\/time><\/div><div class='slide-entry-excerpt entry-content'  itemprop=\"text\" >Se lever du bon pied pour passer une excellente journ\u00e9e ......<\/div><\/div><footer class=\"entry-footer\"><\/footer><span class='hidden'>\n\t\t\t\t<span class='av-structured-data'  itemprop=\"image\" itemscope=\"itemscope\" itemtype=\"https:\/\/schema.org\/ImageObject\" >\n\t\t\t\t\t\t<span itemprop='url'>https:\/\/chatoconfort.com\/wp-content\/uploads\/2024\/07\/matelas-reveil-chateaurenard.jpg<\/span>\n\t\t\t\t\t\t<span itemprop='height'>462<\/span>\n\t\t\t\t\t\t<span itemprop='width'>638<\/span>\n\t\t\t\t<\/span>\n\t\t\t\t<span class='av-structured-data'  itemprop=\"publisher\" itemtype=\"https:\/\/schema.org\/Organization\" itemscope=\"itemscope\" >\n\t\t\t\t\t\t<span itemprop='name'>Chato Confort<\/span>\n\t\t\t\t\t\t<span itemprop='logo' itemscope itemtype='https:\/\/schema.org\/ImageObject'>\n\t\t\t\t\t\t\t<span itemprop='url'>http:\/\/chatoconfort.com\/wp-content\/uploads\/2024\/06\/logo-chato-confort-chateaurenard-300x300.jpg<\/span>\n\t\t\t\t\t\t <\/span>\n\t\t\t\t<\/span><span class='av-structured-data'  itemprop=\"author\" itemscope=\"itemscope\" itemtype=\"https:\/\/schema.org\/Person\" ><span itemprop='name'>Chato Confort<\/span><\/span><span class='av-structured-data'  itemprop=\"datePublished\" datetime=\"2024-01-24T11:20:12+01:00\" >2024-07-19 18:24:36<\/span><span class='av-structured-data'  itemprop=\"dateModified\" itemtype=\"https:\/\/schema.org\/dateModified\" >2024-07-20 11:41:28<\/span><span class='av-structured-data'  itemprop=\"mainEntityOfPage\" itemtype=\"https:\/\/schema.org\/mainEntityOfPage\" ><span itemprop='name'>Comment bien se r\u00e9veiller le matin ?<\/span><\/span><\/span><\/article><\/div><\/div><div class='pagination-wrap pagination-slider'><nav class='pagination'><span class='pagination-meta'>Page 1 sur 3<\/span><span class='current'>1<\/span><a href='https:\/\/chatoconfort.com\/index.php\/wp-json\/wp\/v2\/pages\/892\/?avia-element-paging=2' class='inactive next_page' >2<\/a><a href='https:\/\/chatoconfort.com\/index.php\/wp-json\/wp\/v2\/pages\/892\/?avia-element-paging=3' class='inactive' >3<\/a><\/nav>\n<\/div><\/div>\n<div   class='hr hr-default   avia-builder-el-4  el_after_av_blog  avia-builder-el-last '><span class='hr-inner ' ><span class='hr-inner-style'><\/span><\/span><\/div>\n","protected":false},"excerpt":{"rendered":"","protected":false},"author":1,"featured_media":0,"parent":0,"menu_order":0,"comment_status":"closed","ping_status":"closed","template":"","meta":{"footnotes":""},"class_list":["post-892","page","type-page","status-publish","hentry"],"yoast_head":"<!-- This site is optimized with the Yoast SEO plugin v21.7 - https:\/\/yoast.com\/wordpress\/plugins\/seo\/ -->\n<title>Blog - Chato Confort<\/title>\n<meta name=\"robots\" content=\"index, follow, max-snippet:-1, max-image-preview:large, max-video-preview:-1\" \/>\n<link rel=\"canonical\" href=\"https:\/\/chatoconfort.com\/index.php\/le-saviez-vous\/\" \/>\n<meta property=\"og:locale\" content=\"fr_FR\" \/>\n<meta property=\"og:type\" content=\"article\" \/>\n<meta property=\"og:title\" content=\"Blog - Chato Confort\" \/>\n<meta property=\"og:url\" content=\"https:\/\/chatoconfort.com\/index.php\/le-saviez-vous\/\" \/>\n<meta property=\"og:site_name\" content=\"Chato Confort\" \/>\n<meta property=\"article:modified_time\" content=\"2024-10-16T16:21:33+00:00\" \/>\n<meta name=\"twitter:card\" content=\"summary_large_image\" \/>\n<meta name=\"twitter:label1\" content=\"Dur\u00e9e de lecture estim\u00e9e\" \/>\n\t<meta name=\"twitter:data1\" content=\"1 minute\" \/>\n<script type=\"application\/ld+json\" class=\"yoast-schema-graph\">{\"@context\":\"https:\/\/schema.org\",\"@graph\":[{\"@type\":\"WebPage\",\"@id\":\"https:\/\/chatoconfort.com\/index.php\/le-saviez-vous\/\",\"url\":\"https:\/\/chatoconfort.com\/index.php\/le-saviez-vous\/\",\"name\":\"Blog - Chato Confort\",\"isPartOf\":{\"@id\":\"https:\/\/chatoconfort.com\/#website\"},\"datePublished\":\"2024-01-24T10:20:12+00:00\",\"dateModified\":\"2024-10-16T16:21:33+00:00\",\"breadcrumb\":{\"@id\":\"https:\/\/chatoconfort.com\/index.php\/le-saviez-vous\/#breadcrumb\"},\"inLanguage\":\"fr-FR\",\"potentialAction\":[{\"@type\":\"ReadAction\",\"target\":[\"https:\/\/chatoconfort.com\/index.php\/le-saviez-vous\/\"]}]},{\"@type\":\"BreadcrumbList\",\"@id\":\"https:\/\/chatoconfort.com\/index.php\/le-saviez-vous\/#breadcrumb\",\"itemListElement\":[{\"@type\":\"ListItem\",\"position\":1,\"name\":\"Accueil\",\"item\":\"https:\/\/chatoconfort.com\/index.php\/accueil-matelas-canapes-sommie\/\"},{\"@type\":\"ListItem\",\"position\":2,\"name\":\"Blog\"}]},{\"@type\":\"WebSite\",\"@id\":\"https:\/\/chatoconfort.com\/#website\",\"url\":\"https:\/\/chatoconfort.com\/\",\"name\":\"WordPress chatoconfort.com\",\"description\":\"Prix, Qualit\u00e9, Service, l&#039;Engagement Chato Confort\",\"publisher\":{\"@id\":\"https:\/\/chatoconfort.com\/#organization\"},\"potentialAction\":[{\"@type\":\"SearchAction\",\"target\":{\"@type\":\"EntryPoint\",\"urlTemplate\":\"https:\/\/chatoconfort.com\/?s={search_term_string}\"},\"query-input\":\"required name=search_term_string\"}],\"inLanguage\":\"fr-FR\"},{\"@type\":\"Organization\",\"@id\":\"https:\/\/chatoconfort.com\/#organization\",\"name\":\"WordPr\",\"url\":\"https:\/\/chatoconfort.com\/\",\"logo\":{\"@type\":\"ImageObject\",\"inLanguage\":\"fr-FR\",\"@id\":\"https:\/\/chatoconfort.com\/#\/schema\/logo\/image\/\",\"url\":\"https:\/\/chatoconfort.com\/wp-content\/uploads\/2024\/01\/Logo_340pxx156px.jpg\",\"contentUrl\":\"https:\/\/chatoconfort.com\/wp-content\/uploads\/2024\/01\/Logo_340pxx156px.jpg\",\"width\":340,\"height\":156,\"caption\":\"WordPr\"},\"image\":{\"@id\":\"https:\/\/chatoconfort.com\/#\/schema\/logo\/image\/\"}}]}<\/script>\n<!-- \/ Yoast SEO plugin. -->","yoast_head_json":{"title":"Blog - Chato Confort","robots":{"index":"index","follow":"follow","max-snippet":"max-snippet:-1","max-image-preview":"max-image-preview:large","max-video-preview":"max-video-preview:-1"},"canonical":"https:\/\/chatoconfort.com\/index.php\/le-saviez-vous\/","og_locale":"fr_FR","og_type":"article","og_title":"Blog - Chato Confort","og_url":"https:\/\/chatoconfort.com\/index.php\/le-saviez-vous\/","og_site_name":"Chato Confort","article_modified_time":"2024-10-16T16:21:33+00:00","twitter_card":"summary_large_image","twitter_misc":{"Dur\u00e9e de lecture estim\u00e9e":"1 minute"},"schema":{"@context":"https:\/\/schema.org","@graph":[{"@type":"WebPage","@id":"https:\/\/chatoconfort.com\/index.php\/le-saviez-vous\/","url":"https:\/\/chatoconfort.com\/index.php\/le-saviez-vous\/","name":"Blog - Chato Confort","isPartOf":{"@id":"https:\/\/chatoconfort.com\/#website"},"datePublished":"2024-01-24T10:20:12+00:00","dateModified":"2024-10-16T16:21:33+00:00","breadcrumb":{"@id":"https:\/\/chatoconfort.com\/index.php\/le-saviez-vous\/#breadcrumb"},"inLanguage":"fr-FR","potentialAction":[{"@type":"ReadAction","target":["https:\/\/chatoconfort.com\/index.php\/le-saviez-vous\/"]}]},{"@type":"BreadcrumbList","@id":"https:\/\/chatoconfort.com\/index.php\/le-saviez-vous\/#breadcrumb","itemListElement":[{"@type":"ListItem","position":1,"name":"Accueil","item":"https:\/\/chatoconfort.com\/index.php\/accueil-matelas-canapes-sommie\/"},{"@type":"ListItem","position":2,"name":"Blog"}]},{"@type":"WebSite","@id":"https:\/\/chatoconfort.com\/#website","url":"https:\/\/chatoconfort.com\/","name":"WordPress chatoconfort.com","description":"Prix, Qualit\u00e9, Service, l&#039;Engagement Chato Confort","publisher":{"@id":"https:\/\/chatoconfort.com\/#organization"},"potentialAction":[{"@type":"SearchAction","target":{"@type":"EntryPoint","urlTemplate":"https:\/\/chatoconfort.com\/?s={search_term_string}"},"query-input":"required name=search_term_string"}],"inLanguage":"fr-FR"},{"@type":"Organization","@id":"https:\/\/chatoconfort.com\/#organization","name":"WordPr","url":"https:\/\/chatoconfort.com\/","logo":{"@type":"ImageObject","inLanguage":"fr-FR","@id":"https:\/\/chatoconfort.com\/#\/schema\/logo\/image\/","url":"https:\/\/chatoconfort.com\/wp-content\/uploads\/2024\/01\/Logo_340pxx156px.jpg","contentUrl":"https:\/\/chatoconfort.com\/wp-content\/uploads\/2024\/01\/Logo_340pxx156px.jpg","width":340,"height":156,"caption":"WordPr"},"image":{"@id":"https:\/\/chatoconfort.com\/#\/schema\/logo\/image\/"}}]}},"_links":{"self":[{"href":"https:\/\/chatoconfort.com\/index.php\/wp-json\/wp\/v2\/pages\/892","targetHints":{"allow":["GET"]}}],"collection":[{"href":"https:\/\/chatoconfort.com\/index.php\/wp-json\/wp\/v2\/pages"}],"about":[{"href":"https:\/\/chatoconfort.com\/index.php\/wp-json\/wp\/v2\/types\/page"}],"author":[{"embeddable":true,"href":"https:\/\/chatoconfort.com\/index.php\/wp-json\/wp\/v2\/users\/1"}],"replies":[{"embeddable":true,"href":"https:\/\/chatoconfort.com\/index.php\/wp-json\/wp\/v2\/comments?post=892"}],"version-history":[{"count":22,"href":"https:\/\/chatoconfort.com\/index.php\/wp-json\/wp\/v2\/pages\/892\/revisions"}],"predecessor-version":[{"id":2643,"href":"https:\/\/chatoconfort.com\/index.php\/wp-json\/wp\/v2\/pages\/892\/revisions\/2643"}],"wp:attachment":[{"href":"https:\/\/chatoconfort.com\/index.php\/wp-json\/wp\/v2\/media?parent=892"}],"curies":[{"name":"wp","href":"https:\/\/api.w.org\/{rel}","templated":true}]}}