{"id":516,"date":"2024-01-10T18:17:04","date_gmt":"2024-01-10T17:17:04","guid":{"rendered":"https:\/\/chatoconfort.com\/?page_id=516"},"modified":"2026-03-19T18:05:55","modified_gmt":"2026-03-19T17:05:55","slug":"proteges-matelas","status":"publish","type":"page","link":"https:\/\/chatoconfort.com\/index.php\/proteges-matelas\/","title":{"rendered":"Al\u00e8ses"},"content":{"rendered":"<div  style='padding-bottom:10px; ' class='av-special-heading av-special-heading-h1  blockquote classic-quote  avia-builder-el-0  el_before_av_hr  avia-builder-el-first  '><h1 class='av-special-heading-tag '  itemprop=\"headline\"  >Maintenir son matelas prot\u00e9g\u00e9 vous permettra de garantir sa long\u00e9vit\u00e9. <\/h1><div class='special-heading-border'><div class='special-heading-inner-border' ><\/div><\/div><\/div>\n<div   class='hr hr-default   avia-builder-el-1  el_after_av_heading  el_before_av_one_half '><span class='hr-inner ' ><span class='hr-inner-style'><\/span><\/span><\/div>\n<div class=\"flex_column av_one_half  flex_column_div av-zero-column-padding first  avia-builder-el-2  el_after_av_hr  el_before_av_one_half  \" style='border-radius:0px; '><p><div  class='avia-image-container  av-styling- av-hover-grow   avia-builder-el-3  el_before_av_textblock  avia-builder-el-first  avia-align-center '  itemprop=\"image\" itemscope=\"itemscope\" itemtype=\"https:\/\/schema.org\/ImageObject\"  ><div class='avia-image-container-inner'><div class='avia-image-overlay-wrap'><img decoding=\"async\" class='wp-image-1838 avia-img-lazy-loading-not-1838 avia_image' src=\"https:\/\/chatoconfort.com\/wp-content\/uploads\/2024\/06\/housse-de-matelas-aitana-chateaurenard-180x180.png\" alt='' title='housse-de-matelas-aitana-chateaurenard' height=\"180\" width=\"180\"  itemprop=\"thumbnailUrl\" srcset=\"https:\/\/chatoconfort.com\/wp-content\/uploads\/2024\/06\/housse-de-matelas-aitana-chateaurenard-180x180.png 180w, https:\/\/chatoconfort.com\/wp-content\/uploads\/2024\/06\/housse-de-matelas-aitana-chateaurenard-150x150.png 150w, https:\/\/chatoconfort.com\/wp-content\/uploads\/2024\/06\/housse-de-matelas-aitana-chateaurenard-36x36.png 36w\" sizes=\"(max-width: 180px) 100vw, 180px\" \/><\/div><\/div><\/div><br \/>\n<section class=\"av_textblock_section \"  itemscope=\"itemscope\" itemtype=\"https:\/\/schema.org\/CreativeWork\" ><div class='avia_textblock  '   itemprop=\"text\" ><h3 style=\"text-align: center;\">Aitana<\/h3>\n<p style=\"text-align: center;\">Tissu bouclette \u00e9ponge 100% coton.<\/p>\n<p style=\"text-align: center;\">Traitement SANITIZED anti-bact\u00e9rien et anallergique.<\/p>\n<p style=\"text-align: center;\">Fermeture \u00e0 glissi\u00e8re. Housse tr\u00e9s \u00e9lastique.<\/p>\n<\/div><\/section><\/p><\/div>\n<div class=\"flex_column av_one_half  flex_column_div av-zero-column-padding   avia-builder-el-5  el_after_av_one_half  el_before_av_hr  \" style='border-radius:0px; '><p><div  class='avia-image-container  av-styling- av-hover-grow   avia-builder-el-6  el_before_av_textblock  avia-builder-el-first  avia-align-center '  itemprop=\"image\" itemscope=\"itemscope\" itemtype=\"https:\/\/schema.org\/ImageObject\"  ><div class='avia-image-container-inner'><div class='avia-image-overlay-wrap'><img decoding=\"async\" class='wp-image-1841 avia-img-lazy-loading-not-1841 avia_image' src=\"https:\/\/chatoconfort.com\/wp-content\/uploads\/2024\/06\/alese-doulce-chateaurenard-180x180.webp\" alt='' title='alese-doulce-chateaurenard' height=\"180\" width=\"180\"  itemprop=\"thumbnailUrl\" srcset=\"https:\/\/chatoconfort.com\/wp-content\/uploads\/2024\/06\/alese-doulce-chateaurenard-180x180.webp 180w, https:\/\/chatoconfort.com\/wp-content\/uploads\/2024\/06\/alese-doulce-chateaurenard-150x150.webp 150w, https:\/\/chatoconfort.com\/wp-content\/uploads\/2024\/06\/alese-doulce-chateaurenard-36x36.webp 36w\" sizes=\"(max-width: 180px) 100vw, 180px\" \/><\/div><\/div><\/div><br \/>\n<section class=\"av_textblock_section \"  itemscope=\"itemscope\" itemtype=\"https:\/\/schema.org\/CreativeWork\" ><div class='avia_textblock  '   itemprop=\"text\" ><h3 style=\"text-align: center;\">Doulce<\/h3>\n<p style=\"text-align: center;\">Tissu bouclette \u00e9ponge 100% coton.<\/p>\n<p style=\"text-align: center;\">Imperm\u00e9able.<\/p>\n<p style=\"text-align: center;\">Respirant.<\/p>\n<p style=\"text-align: center;\">Traitement SANITIZED anti-bact\u00e9rien et anallergique.<\/p>\n<\/div><\/section><\/p><\/div>\n<div   class='hr hr-default   avia-builder-el-8  el_after_av_one_half  el_before_av_one_half '><span class='hr-inner ' ><span class='hr-inner-style'><\/span><\/span><\/div>\n<div class=\"flex_column av_one_half  flex_column_div av-zero-column-padding first  avia-builder-el-9  el_after_av_hr  el_before_av_one_half  \" style='border-radius:0px; '><p><div  class='avia-image-container  av-styling- av-hover-grow   avia-builder-el-10  el_before_av_textblock  avia-builder-el-first  avia-align-center '  itemprop=\"image\" itemscope=\"itemscope\" itemtype=\"https:\/\/schema.org\/ImageObject\"  ><div class='avia-image-container-inner'><div class='avia-image-overlay-wrap'><img decoding=\"async\" class='wp-image-1844 avia-img-lazy-loading-not-1844 avia_image' src=\"https:\/\/chatoconfort.com\/wp-content\/uploads\/2024\/06\/alese-molleton-chateaurenard-180x180.webp\" alt='' title='alese-molleton-chateaurenard' height=\"180\" width=\"180\"  itemprop=\"thumbnailUrl\" srcset=\"https:\/\/chatoconfort.com\/wp-content\/uploads\/2024\/06\/alese-molleton-chateaurenard-180x180.webp 180w, https:\/\/chatoconfort.com\/wp-content\/uploads\/2024\/06\/alese-molleton-chateaurenard-150x150.webp 150w, https:\/\/chatoconfort.com\/wp-content\/uploads\/2024\/06\/alese-molleton-chateaurenard-36x36.webp 36w, https:\/\/chatoconfort.com\/wp-content\/uploads\/2024\/06\/alese-molleton-chateaurenard.webp 300w\" sizes=\"(max-width: 180px) 100vw, 180px\" \/><\/div><\/div><\/div><br \/>\n<section class=\"av_textblock_section \"  itemscope=\"itemscope\" itemtype=\"https:\/\/schema.org\/CreativeWork\" ><div class='avia_textblock  '   itemprop=\"text\" ><h3 style=\"text-align: center;\">Molleton<\/h3>\n<p style=\"text-align: center;\">Prot\u00e8ge matelas absorbant.<\/p>\n<p style=\"text-align: center;\">Ne glisse pas.<\/p>\n<p style=\"text-align: center;\">Tissu 90% coton et 10% polyesther.<\/p>\n<\/div><\/section><\/p><\/div><div class=\"flex_column av_one_half  flex_column_div av-zero-column-padding   avia-builder-el-12  el_after_av_one_half  el_before_av_hr  \" style='border-radius:0px; '><p><div  class='avia-image-container  av-styling- av-hover-grow   avia-builder-el-13  el_before_av_textblock  avia-builder-el-first  avia-align-center '  itemprop=\"image\" itemscope=\"itemscope\" itemtype=\"https:\/\/schema.org\/ImageObject\"  ><div class='avia-image-container-inner'><div class='avia-image-overlay-wrap'><img decoding=\"async\" class='wp-image-2676 avia-img-lazy-loading-not-2676 avia_image' src=\"https:\/\/chatoconfort.com\/wp-content\/uploads\/2024\/10\/housse-anti-punaise-de-lit-chateaurenard-1-300x128.jpg\" alt='' title='housse-anti-punaise-de-lit-chateaurenard' height=\"128\" width=\"300\"  itemprop=\"thumbnailUrl\" srcset=\"https:\/\/chatoconfort.com\/wp-content\/uploads\/2024\/10\/housse-anti-punaise-de-lit-chateaurenard-1-300x128.jpg 300w, https:\/\/chatoconfort.com\/wp-content\/uploads\/2024\/10\/housse-anti-punaise-de-lit-chateaurenard-1.jpg 553w\" sizes=\"(max-width: 300px) 100vw, 300px\" \/><\/div><\/div><\/div><br \/>\n<section class=\"av_textblock_section \"  itemscope=\"itemscope\" itemtype=\"https:\/\/schema.org\/CreativeWork\" ><div class='avia_textblock  '   itemprop=\"text\" ><h3 style=\"text-align: center;\">Sensitive ANTI PUNAISE DE LIT<\/h3>\n<p style=\"text-align: center;\">Tissu toucher extra doux fibre sensitive 100% microibre.<\/p>\n<p style=\"text-align: center;\">Housse anti punaise de lit avec syst\u00e8me de fermeture s\u00e9curis\u00e9e par clips.<\/p>\n<\/div><\/section><br \/>\n<section class=\"av_textblock_section \"  itemscope=\"itemscope\" itemtype=\"https:\/\/schema.org\/CreativeWork\" ><div class='avia_textblock  '   itemprop=\"text\" ><h1 style=\"text-align: center;\">&#8211; 30% SUR TOUTES LES DIMENSIONS<\/h1>\n<h3 style=\"text-align: center;\"><strong>RDV EN MAGASIN<\/strong><\/h3>\n<\/div><\/section><\/p><\/div><div   class='hr hr-default   avia-builder-el-16  el_after_av_one_half  avia-builder-el-last '><span class='hr-inner ' ><span class='hr-inner-style'><\/span><\/span><\/div><\/p>\n","protected":false},"excerpt":{"rendered":"","protected":false},"author":1,"featured_media":0,"parent":0,"menu_order":0,"comment_status":"closed","ping_status":"closed","template":"","meta":{"footnotes":""},"class_list":["post-516","page","type-page","status-publish","hentry"],"yoast_head":"<!-- This site is optimized with the Yoast SEO plugin v21.7 - https:\/\/yoast.com\/wordpress\/plugins\/seo\/ -->\n<title>Al\u00e8ses - Chato Confort<\/title>\n<meta name=\"robots\" content=\"index, follow, max-snippet:-1, max-image-preview:large, max-video-preview:-1\" \/>\n<link rel=\"canonical\" href=\"https:\/\/chatoconfort.com\/index.php\/proteges-matelas\/\" \/>\n<meta property=\"og:locale\" content=\"fr_FR\" \/>\n<meta property=\"og:type\" content=\"article\" \/>\n<meta property=\"og:title\" content=\"Al\u00e8ses - Chato Confort\" \/>\n<meta property=\"og:url\" content=\"https:\/\/chatoconfort.com\/index.php\/proteges-matelas\/\" \/>\n<meta property=\"og:site_name\" content=\"Chato Confort\" \/>\n<meta property=\"article:modified_time\" content=\"2026-03-19T17:05:55+00:00\" \/>\n<meta name=\"twitter:card\" content=\"summary_large_image\" \/>\n<meta name=\"twitter:label1\" content=\"Dur\u00e9e de lecture estim\u00e9e\" \/>\n\t<meta name=\"twitter:data1\" content=\"3 minutes\" \/>\n<script type=\"application\/ld+json\" class=\"yoast-schema-graph\">{\"@context\":\"https:\/\/schema.org\",\"@graph\":[{\"@type\":\"WebPage\",\"@id\":\"https:\/\/chatoconfort.com\/index.php\/proteges-matelas\/\",\"url\":\"https:\/\/chatoconfort.com\/index.php\/proteges-matelas\/\",\"name\":\"Al\u00e8ses - Chato Confort\",\"isPartOf\":{\"@id\":\"https:\/\/chatoconfort.com\/#website\"},\"datePublished\":\"2024-01-10T17:17:04+00:00\",\"dateModified\":\"2026-03-19T17:05:55+00:00\",\"breadcrumb\":{\"@id\":\"https:\/\/chatoconfort.com\/index.php\/proteges-matelas\/#breadcrumb\"},\"inLanguage\":\"fr-FR\",\"potentialAction\":[{\"@type\":\"ReadAction\",\"target\":[\"https:\/\/chatoconfort.com\/index.php\/proteges-matelas\/\"]}]},{\"@type\":\"BreadcrumbList\",\"@id\":\"https:\/\/chatoconfort.com\/index.php\/proteges-matelas\/#breadcrumb\",\"itemListElement\":[{\"@type\":\"ListItem\",\"position\":1,\"name\":\"Accueil\",\"item\":\"https:\/\/chatoconfort.com\/index.php\/accueil-matelas-canapes-sommie\/\"},{\"@type\":\"ListItem\",\"position\":2,\"name\":\"Al\u00e8ses\"}]},{\"@type\":\"WebSite\",\"@id\":\"https:\/\/chatoconfort.com\/#website\",\"url\":\"https:\/\/chatoconfort.com\/\",\"name\":\"WordPress chatoconfort.com\",\"description\":\"Prix, Qualit\u00e9, Service, l&#039;Engagement Chato Confort\",\"publisher\":{\"@id\":\"https:\/\/chatoconfort.com\/#organization\"},\"potentialAction\":[{\"@type\":\"SearchAction\",\"target\":{\"@type\":\"EntryPoint\",\"urlTemplate\":\"https:\/\/chatoconfort.com\/?s={search_term_string}\"},\"query-input\":\"required name=search_term_string\"}],\"inLanguage\":\"fr-FR\"},{\"@type\":\"Organization\",\"@id\":\"https:\/\/chatoconfort.com\/#organization\",\"name\":\"WordPr\",\"url\":\"https:\/\/chatoconfort.com\/\",\"logo\":{\"@type\":\"ImageObject\",\"inLanguage\":\"fr-FR\",\"@id\":\"https:\/\/chatoconfort.com\/#\/schema\/logo\/image\/\",\"url\":\"https:\/\/chatoconfort.com\/wp-content\/uploads\/2024\/01\/Logo_340pxx156px.jpg\",\"contentUrl\":\"https:\/\/chatoconfort.com\/wp-content\/uploads\/2024\/01\/Logo_340pxx156px.jpg\",\"width\":340,\"height\":156,\"caption\":\"WordPr\"},\"image\":{\"@id\":\"https:\/\/chatoconfort.com\/#\/schema\/logo\/image\/\"}}]}<\/script>\n<!-- \/ Yoast SEO plugin. -->","yoast_head_json":{"title":"Al\u00e8ses - Chato Confort","robots":{"index":"index","follow":"follow","max-snippet":"max-snippet:-1","max-image-preview":"max-image-preview:large","max-video-preview":"max-video-preview:-1"},"canonical":"https:\/\/chatoconfort.com\/index.php\/proteges-matelas\/","og_locale":"fr_FR","og_type":"article","og_title":"Al\u00e8ses - Chato Confort","og_url":"https:\/\/chatoconfort.com\/index.php\/proteges-matelas\/","og_site_name":"Chato Confort","article_modified_time":"2026-03-19T17:05:55+00:00","twitter_card":"summary_large_image","twitter_misc":{"Dur\u00e9e de lecture estim\u00e9e":"3 minutes"},"schema":{"@context":"https:\/\/schema.org","@graph":[{"@type":"WebPage","@id":"https:\/\/chatoconfort.com\/index.php\/proteges-matelas\/","url":"https:\/\/chatoconfort.com\/index.php\/proteges-matelas\/","name":"Al\u00e8ses - Chato Confort","isPartOf":{"@id":"https:\/\/chatoconfort.com\/#website"},"datePublished":"2024-01-10T17:17:04+00:00","dateModified":"2026-03-19T17:05:55+00:00","breadcrumb":{"@id":"https:\/\/chatoconfort.com\/index.php\/proteges-matelas\/#breadcrumb"},"inLanguage":"fr-FR","potentialAction":[{"@type":"ReadAction","target":["https:\/\/chatoconfort.com\/index.php\/proteges-matelas\/"]}]},{"@type":"BreadcrumbList","@id":"https:\/\/chatoconfort.com\/index.php\/proteges-matelas\/#breadcrumb","itemListElement":[{"@type":"ListItem","position":1,"name":"Accueil","item":"https:\/\/chatoconfort.com\/index.php\/accueil-matelas-canapes-sommie\/"},{"@type":"ListItem","position":2,"name":"Al\u00e8ses"}]},{"@type":"WebSite","@id":"https:\/\/chatoconfort.com\/#website","url":"https:\/\/chatoconfort.com\/","name":"WordPress chatoconfort.com","description":"Prix, Qualit\u00e9, Service, l&#039;Engagement Chato Confort","publisher":{"@id":"https:\/\/chatoconfort.com\/#organization"},"potentialAction":[{"@type":"SearchAction","target":{"@type":"EntryPoint","urlTemplate":"https:\/\/chatoconfort.com\/?s={search_term_string}"},"query-input":"required name=search_term_string"}],"inLanguage":"fr-FR"},{"@type":"Organization","@id":"https:\/\/chatoconfort.com\/#organization","name":"WordPr","url":"https:\/\/chatoconfort.com\/","logo":{"@type":"ImageObject","inLanguage":"fr-FR","@id":"https:\/\/chatoconfort.com\/#\/schema\/logo\/image\/","url":"https:\/\/chatoconfort.com\/wp-content\/uploads\/2024\/01\/Logo_340pxx156px.jpg","contentUrl":"https:\/\/chatoconfort.com\/wp-content\/uploads\/2024\/01\/Logo_340pxx156px.jpg","width":340,"height":156,"caption":"WordPr"},"image":{"@id":"https:\/\/chatoconfort.com\/#\/schema\/logo\/image\/"}}]}},"_links":{"self":[{"href":"https:\/\/chatoconfort.com\/index.php\/wp-json\/wp\/v2\/pages\/516","targetHints":{"allow":["GET"]}}],"collection":[{"href":"https:\/\/chatoconfort.com\/index.php\/wp-json\/wp\/v2\/pages"}],"about":[{"href":"https:\/\/chatoconfort.com\/index.php\/wp-json\/wp\/v2\/types\/page"}],"author":[{"embeddable":true,"href":"https:\/\/chatoconfort.com\/index.php\/wp-json\/wp\/v2\/users\/1"}],"replies":[{"embeddable":true,"href":"https:\/\/chatoconfort.com\/index.php\/wp-json\/wp\/v2\/comments?post=516"}],"version-history":[{"count":31,"href":"https:\/\/chatoconfort.com\/index.php\/wp-json\/wp\/v2\/pages\/516\/revisions"}],"predecessor-version":[{"id":3145,"href":"https:\/\/chatoconfort.com\/index.php\/wp-json\/wp\/v2\/pages\/516\/revisions\/3145"}],"wp:attachment":[{"href":"https:\/\/chatoconfort.com\/index.php\/wp-json\/wp\/v2\/media?parent=516"}],"curies":[{"name":"wp","href":"https:\/\/api.w.org\/{rel}","templated":true}]}}