{"id":154,"date":"2024-01-04T13:33:02","date_gmt":"2024-01-04T12:33:02","guid":{"rendered":"https:\/\/chatoconfort.com\/?page_id=154"},"modified":"2024-10-15T10:19:31","modified_gmt":"2024-10-15T08:19:31","slug":"latex","status":"publish","type":"page","link":"https:\/\/chatoconfort.com\/index.php\/latex\/","title":{"rendered":"Latex"},"content":{"rendered":"<div   class='hr hr-default   avia-builder-el-0  el_before_av_one_half  avia-builder-el-first '><span class='hr-inner ' ><span class='hr-inner-style'><\/span><\/span><\/div>\n<div class=\"flex_column av_one_half  flex_column_div av-zero-column-padding first  avia-builder-el-1  el_after_av_hr  el_before_av_one_half  \" style='border-radius:0px; '><section class=\"av_textblock_section \"  itemscope=\"itemscope\" itemtype=\"https:\/\/schema.org\/CreativeWork\" ><div class='avia_textblock  '   itemprop=\"text\" ><h3 style=\"text-align: center;\">Le latex est un mat\u00e9riau d&rsquo;origine naturelle, un liquide visqueux que l&rsquo;on extrait d&rsquo;un arbre, l&rsquo;h\u00e9v\u00e9a.<\/h3>\n<h3 style=\"text-align: center;\">Un proc\u00e9d\u00e9 chimique, la vulcanisation, apporte de la duret\u00e9 et de l\u2019\u00e9lasticit\u00e9 \u00e0 cette mati\u00e8re. Le latex est ensuite r\u00e9parti dans l\u2019\u00e2me du matelas pour en constituer le c\u0153ur. L\u2019\u00e9paisseur du matelas latex varie. Elle doit \u00eatre d\u2019au moins 10 cm pour avoir droit \u00e0 l\u2019appellation \u00ab 100% latex \u00bb, gage de qualit\u00e9.<\/h3>\n<h3 style=\"text-align: center;\">Il est pr\u00e9f\u00e9rable de choisir un mod\u00e8le en latex d\u2019origine naturelle pour une literie plus saine et confortable. Pour reconnaitre un matelas en latex naturelle, la notion 100% latex d\u2019origine naturelle doit apparaitre sur l\u2019\u00e9tiquette du matelas.<\/h3>\n<\/div><\/section><\/div>\n<div class=\"flex_column av_one_half  flex_column_div av-zero-column-padding   avia-builder-el-3  el_after_av_one_half  el_before_av_hr  \" style='border-radius:0px; '><div  class='avia-image-container  av-styling-    avia-builder-el-4  avia-builder-el-no-sibling  avia-align-center '  itemprop=\"image\" itemscope=\"itemscope\" itemtype=\"https:\/\/schema.org\/ImageObject\"  ><div class='avia-image-container-inner'><div class='avia-image-overlay-wrap'><img decoding=\"async\" class='wp-image-2023 avia-img-lazy-loading-not-2023 avia_image' src=\"https:\/\/chatoconfort.com\/wp-content\/uploads\/2024\/07\/latex-matelas-chateaurenard-300x178.jpg\" alt='' title='latex-matelas-chateaurenard' height=\"178\" width=\"300\"  itemprop=\"thumbnailUrl\" srcset=\"https:\/\/chatoconfort.com\/wp-content\/uploads\/2024\/07\/latex-matelas-chateaurenard-300x178.jpg 300w, https:\/\/chatoconfort.com\/wp-content\/uploads\/2024\/07\/latex-matelas-chateaurenard.jpg 600w\" sizes=\"(max-width: 300px) 100vw, 300px\" \/><\/div><\/div><\/div><\/div>\n<div   class='hr hr-default   avia-builder-el-5  el_after_av_one_half  el_before_av_one_fourth '><span class='hr-inner ' ><span class='hr-inner-style'><\/span><\/span><\/div>\n<div class=\"flex_column av_one_fourth  flex_column_div av-zero-column-padding first  avia-builder-el-6  el_after_av_hr  el_before_av_one_fourth  \" style='border-radius:0px; '><section class=\"av_textblock_section \"  itemscope=\"itemscope\" itemtype=\"https:\/\/schema.org\/CreativeWork\" ><div class='avia_textblock  '   itemprop=\"text\" ><h2 style=\"text-align: center;\">Cotton Latex<\/h2>\n<\/div><\/section><br \/>\n<div  class='avia-image-container  av-styling- av-hover-grow   avia-builder-el-8  el_after_av_textblock  avia-builder-el-last  avia-align-center '  itemprop=\"image\" itemscope=\"itemscope\" itemtype=\"https:\/\/schema.org\/ImageObject\"  ><div class='avia-image-container-inner'><div class='avia-image-overlay-wrap'><img decoding=\"async\" class='wp-image-1321 avia-img-lazy-loading-not-1321 avia_image' src=\"https:\/\/chatoconfort.com\/wp-content\/uploads\/2024\/06\/cotton-latex-matelas-chateaurenard-300x225.webp\" alt='' title='cotton-latex-matelas-ressorts-ensaches-literie-chateaurenard' height=\"225\" width=\"300\"  itemprop=\"thumbnailUrl\" srcset=\"https:\/\/chatoconfort.com\/wp-content\/uploads\/2024\/06\/cotton-latex-matelas-chateaurenard-300x225.webp 300w, https:\/\/chatoconfort.com\/wp-content\/uploads\/2024\/06\/cotton-latex-matelas-chateaurenard-1030x771.webp 1030w, https:\/\/chatoconfort.com\/wp-content\/uploads\/2024\/06\/cotton-latex-matelas-chateaurenard-768x575.webp 768w, https:\/\/chatoconfort.com\/wp-content\/uploads\/2024\/06\/cotton-latex-matelas-chateaurenard-1536x1150.webp 1536w, https:\/\/chatoconfort.com\/wp-content\/uploads\/2024\/06\/cotton-latex-matelas-chateaurenard-1500x1123.webp 1500w, https:\/\/chatoconfort.com\/wp-content\/uploads\/2024\/06\/cotton-latex-matelas-chateaurenard-705x528.webp 705w, https:\/\/chatoconfort.com\/wp-content\/uploads\/2024\/06\/cotton-latex-matelas-chateaurenard.webp 1800w\" sizes=\"(max-width: 300px) 100vw, 300px\" \/><\/div><\/div><\/div><\/p><\/div>\n<div class=\"flex_column av_one_fourth  flex_column_div av-zero-column-padding   avia-builder-el-9  el_after_av_one_fourth  el_before_av_hr  \" style='border-radius:0px; '><section class=\"av_textblock_section \"  itemscope=\"itemscope\" itemtype=\"https:\/\/schema.org\/CreativeWork\" ><div class='avia_textblock  '   itemprop=\"text\" ><p>1100 ressorts ensach\u00e9s +<\/p>\n<p>Latex naturel 70 kg<\/p>\n<p>Accueil enveloppant<\/p>\n<p>Soutien souple<\/p>\n<p>Hauteur 33 cm<\/p>\n<p>Garantie 5 ans<\/p>\n<p>Toutes dimensions possibles<\/p>\n<\/div><\/section><\/div>\n<div   class='hr hr-default   avia-builder-el-11  el_after_av_one_fourth  avia-builder-el-last '><span class='hr-inner ' ><span class='hr-inner-style'><\/span><\/span><\/div>\n","protected":false},"excerpt":{"rendered":"","protected":false},"author":1,"featured_media":0,"parent":0,"menu_order":0,"comment_status":"closed","ping_status":"closed","template":"","meta":{"footnotes":""},"class_list":["post-154","page","type-page","status-publish","hentry"],"yoast_head":"<!-- This site is optimized with the Yoast SEO plugin v21.7 - https:\/\/yoast.com\/wordpress\/plugins\/seo\/ -->\n<title>Latex - Chato Confort<\/title>\n<meta name=\"robots\" content=\"index, follow, max-snippet:-1, max-image-preview:large, max-video-preview:-1\" \/>\n<link rel=\"canonical\" href=\"https:\/\/chatoconfort.com\/index.php\/latex\/\" \/>\n<meta property=\"og:locale\" content=\"fr_FR\" \/>\n<meta property=\"og:type\" content=\"article\" \/>\n<meta property=\"og:title\" content=\"Latex - Chato Confort\" \/>\n<meta property=\"og:url\" content=\"https:\/\/chatoconfort.com\/index.php\/latex\/\" \/>\n<meta property=\"og:site_name\" content=\"Chato Confort\" \/>\n<meta property=\"article:modified_time\" content=\"2024-10-15T08:19:31+00:00\" \/>\n<meta name=\"twitter:card\" content=\"summary_large_image\" \/>\n<meta name=\"twitter:label1\" content=\"Dur\u00e9e de lecture estim\u00e9e\" \/>\n\t<meta name=\"twitter:data1\" content=\"3 minutes\" \/>\n<script type=\"application\/ld+json\" class=\"yoast-schema-graph\">{\"@context\":\"https:\/\/schema.org\",\"@graph\":[{\"@type\":\"WebPage\",\"@id\":\"https:\/\/chatoconfort.com\/index.php\/latex\/\",\"url\":\"https:\/\/chatoconfort.com\/index.php\/latex\/\",\"name\":\"Latex - Chato Confort\",\"isPartOf\":{\"@id\":\"https:\/\/chatoconfort.com\/#website\"},\"datePublished\":\"2024-01-04T12:33:02+00:00\",\"dateModified\":\"2024-10-15T08:19:31+00:00\",\"breadcrumb\":{\"@id\":\"https:\/\/chatoconfort.com\/index.php\/latex\/#breadcrumb\"},\"inLanguage\":\"fr-FR\",\"potentialAction\":[{\"@type\":\"ReadAction\",\"target\":[\"https:\/\/chatoconfort.com\/index.php\/latex\/\"]}]},{\"@type\":\"BreadcrumbList\",\"@id\":\"https:\/\/chatoconfort.com\/index.php\/latex\/#breadcrumb\",\"itemListElement\":[{\"@type\":\"ListItem\",\"position\":1,\"name\":\"Accueil\",\"item\":\"https:\/\/chatoconfort.com\/index.php\/accueil-matelas-canapes-sommie\/\"},{\"@type\":\"ListItem\",\"position\":2,\"name\":\"Latex\"}]},{\"@type\":\"WebSite\",\"@id\":\"https:\/\/chatoconfort.com\/#website\",\"url\":\"https:\/\/chatoconfort.com\/\",\"name\":\"WordPress chatoconfort.com\",\"description\":\"Prix, Qualit\u00e9, Service, l&#039;Engagement Chato Confort\",\"publisher\":{\"@id\":\"https:\/\/chatoconfort.com\/#organization\"},\"potentialAction\":[{\"@type\":\"SearchAction\",\"target\":{\"@type\":\"EntryPoint\",\"urlTemplate\":\"https:\/\/chatoconfort.com\/?s={search_term_string}\"},\"query-input\":\"required name=search_term_string\"}],\"inLanguage\":\"fr-FR\"},{\"@type\":\"Organization\",\"@id\":\"https:\/\/chatoconfort.com\/#organization\",\"name\":\"WordPr\",\"url\":\"https:\/\/chatoconfort.com\/\",\"logo\":{\"@type\":\"ImageObject\",\"inLanguage\":\"fr-FR\",\"@id\":\"https:\/\/chatoconfort.com\/#\/schema\/logo\/image\/\",\"url\":\"https:\/\/chatoconfort.com\/wp-content\/uploads\/2024\/01\/Logo_340pxx156px.jpg\",\"contentUrl\":\"https:\/\/chatoconfort.com\/wp-content\/uploads\/2024\/01\/Logo_340pxx156px.jpg\",\"width\":340,\"height\":156,\"caption\":\"WordPr\"},\"image\":{\"@id\":\"https:\/\/chatoconfort.com\/#\/schema\/logo\/image\/\"}}]}<\/script>\n<!-- \/ Yoast SEO plugin. -->","yoast_head_json":{"title":"Latex - Chato Confort","robots":{"index":"index","follow":"follow","max-snippet":"max-snippet:-1","max-image-preview":"max-image-preview:large","max-video-preview":"max-video-preview:-1"},"canonical":"https:\/\/chatoconfort.com\/index.php\/latex\/","og_locale":"fr_FR","og_type":"article","og_title":"Latex - Chato Confort","og_url":"https:\/\/chatoconfort.com\/index.php\/latex\/","og_site_name":"Chato Confort","article_modified_time":"2024-10-15T08:19:31+00:00","twitter_card":"summary_large_image","twitter_misc":{"Dur\u00e9e de lecture estim\u00e9e":"3 minutes"},"schema":{"@context":"https:\/\/schema.org","@graph":[{"@type":"WebPage","@id":"https:\/\/chatoconfort.com\/index.php\/latex\/","url":"https:\/\/chatoconfort.com\/index.php\/latex\/","name":"Latex - Chato Confort","isPartOf":{"@id":"https:\/\/chatoconfort.com\/#website"},"datePublished":"2024-01-04T12:33:02+00:00","dateModified":"2024-10-15T08:19:31+00:00","breadcrumb":{"@id":"https:\/\/chatoconfort.com\/index.php\/latex\/#breadcrumb"},"inLanguage":"fr-FR","potentialAction":[{"@type":"ReadAction","target":["https:\/\/chatoconfort.com\/index.php\/latex\/"]}]},{"@type":"BreadcrumbList","@id":"https:\/\/chatoconfort.com\/index.php\/latex\/#breadcrumb","itemListElement":[{"@type":"ListItem","position":1,"name":"Accueil","item":"https:\/\/chatoconfort.com\/index.php\/accueil-matelas-canapes-sommie\/"},{"@type":"ListItem","position":2,"name":"Latex"}]},{"@type":"WebSite","@id":"https:\/\/chatoconfort.com\/#website","url":"https:\/\/chatoconfort.com\/","name":"WordPress chatoconfort.com","description":"Prix, Qualit\u00e9, Service, l&#039;Engagement Chato Confort","publisher":{"@id":"https:\/\/chatoconfort.com\/#organization"},"potentialAction":[{"@type":"SearchAction","target":{"@type":"EntryPoint","urlTemplate":"https:\/\/chatoconfort.com\/?s={search_term_string}"},"query-input":"required name=search_term_string"}],"inLanguage":"fr-FR"},{"@type":"Organization","@id":"https:\/\/chatoconfort.com\/#organization","name":"WordPr","url":"https:\/\/chatoconfort.com\/","logo":{"@type":"ImageObject","inLanguage":"fr-FR","@id":"https:\/\/chatoconfort.com\/#\/schema\/logo\/image\/","url":"https:\/\/chatoconfort.com\/wp-content\/uploads\/2024\/01\/Logo_340pxx156px.jpg","contentUrl":"https:\/\/chatoconfort.com\/wp-content\/uploads\/2024\/01\/Logo_340pxx156px.jpg","width":340,"height":156,"caption":"WordPr"},"image":{"@id":"https:\/\/chatoconfort.com\/#\/schema\/logo\/image\/"}}]}},"_links":{"self":[{"href":"https:\/\/chatoconfort.com\/index.php\/wp-json\/wp\/v2\/pages\/154","targetHints":{"allow":["GET"]}}],"collection":[{"href":"https:\/\/chatoconfort.com\/index.php\/wp-json\/wp\/v2\/pages"}],"about":[{"href":"https:\/\/chatoconfort.com\/index.php\/wp-json\/wp\/v2\/types\/page"}],"author":[{"embeddable":true,"href":"https:\/\/chatoconfort.com\/index.php\/wp-json\/wp\/v2\/users\/1"}],"replies":[{"embeddable":true,"href":"https:\/\/chatoconfort.com\/index.php\/wp-json\/wp\/v2\/comments?post=154"}],"version-history":[{"count":15,"href":"https:\/\/chatoconfort.com\/index.php\/wp-json\/wp\/v2\/pages\/154\/revisions"}],"predecessor-version":[{"id":2477,"href":"https:\/\/chatoconfort.com\/index.php\/wp-json\/wp\/v2\/pages\/154\/revisions\/2477"}],"wp:attachment":[{"href":"https:\/\/chatoconfort.com\/index.php\/wp-json\/wp\/v2\/media?parent=154"}],"curies":[{"name":"wp","href":"https:\/\/api.w.org\/{rel}","templated":true}]}}